{"id":2,"date":"2016-05-10T03:48:21","date_gmt":"2016-05-10T03:48:21","guid":{"rendered":"https:\/\/lb-fertigungsservice.de\/wp\/?page_id=2"},"modified":"2025-04-01T14:36:02","modified_gmt":"2025-04-01T14:36:02","slug":"sample-page","status":"publish","type":"page","link":"https:\/\/lb-fertigungsservice.de\/","title":{"rendered":"Startseite"},"content":{"rendered":"\n<div class=\"wp-block-cover alignwide has-parallax is-position-center-center\"><span aria-hidden=\"true\" class=\"wp-block-cover__background has-background-dim\"><\/span><div class=\"wp-block-cover__image-background wp-image-43 has-parallax\" style=\"background-position:50% 50%;background-image:url(https:\/\/lb-fertigungsservice.de\/wp-content\/uploads\/2019\/10\/milling-1137974_1920.jpg)\"><\/div><div class=\"wp-block-cover__inner-container is-layout-flow wp-block-cover-is-layout-flow\">\n<p class=\"has-text-align-center has-base-3-color has-text-color has-large-font-size\"><strong>LB-Fertigungsservice GmbH<\/strong><\/p>\n\n\n\n<p class=\"has-text-align-center has-base-3-color has-text-color has-medium-font-size\">Riedstr. 15 61137 Sch\u00f6neck<br>Tel. 06187 953650<br>E-Mail: info@lb-fertigungsservice.de<\/p>\n<\/div><\/div>\n\n\n\n<div style=\"height:3px\" aria-hidden=\"true\" class=\"wp-block-spacer\"><\/div>\n\n\n\n<p><strong>AKTUELLES<\/strong><\/p>\n\n\n\n<p>07.05.2024 |<strong> Angebot zum Saisonstart \/\/ Erh\u00f6hte Lieferzeiten f\u00fcr unsere Sabelt-Sitzschienen <\/strong><\/p>\n\n\n\n<p class=\"has-text-align-left\">Die Sch\u00f6nwetter-Saison ist langsam aber sicher am Start. Da haben wir uns gedacht, dass wir f\u00fcr unsere Fahrwerksstreben ein Angebot f\u00fcr euch machen. Der Normalpreis liegt bei 130,00\u20ac inkl. MwSt. &#8211; und <strong>bis zum Sommeranfang 20.06.24 gibt es 15% Rabatt!<\/strong> Schickt uns bei Interesse einfach wie gewohnt eine Email\/Kontaktformular.<\/p>\n\n\n\n<p><strong>Des Weiteren ist die Nachfrage auf unsere Sabelt-Sitzschienen so gro\u00df, dass wir aktuell erst wieder mitte Juni welche verschicken k\u00f6nnen. <\/strong>Ihr k\u00f6nnt uns nat\u00fcrlich gerne weiterhin schon Anfragen schicken, wir nehmen euch dann direkt auf die Warteliste.<\/p>\n\n\n\n<p class=\"has-text-align-center\"> <img loading=\"lazy\" decoding=\"async\" width=\"500\" height=\"588\" class=\"wp-image-493\" style=\"width: 500px;\" src=\"https:\/\/lb-fertigungsservice.de\/wp-content\/uploads\/2024\/05\/Streben-Angebot.png\" alt=\"\" srcset=\"https:\/\/lb-fertigungsservice.de\/wp-content\/uploads\/2024\/05\/Streben-Angebot.png 712w, https:\/\/lb-fertigungsservice.de\/wp-content\/uploads\/2024\/05\/Streben-Angebot-255x300.png 255w\" sizes=\"auto, (max-width: 500px) 100vw, 500px\" \/><\/p>\n\n\n\n<p><\/p>\n\n\n\n<p><\/p>\n\n\n\n<p>28.03.2024 |<strong> Langes Wochenende&#8230;.<\/strong> <\/p>\n\n\n\n<p class=\"has-text-align-left\">wenn der Osterhase kommt. Viel Spa\u00df bei der Eiersuche \ud83d\ude42<\/p>\n\n\n\n<p class=\"has-text-align-center\"> <img loading=\"lazy\" decoding=\"async\" width=\"400\" height=\"568\" class=\"wp-image-486\" style=\"width: 400px;\" src=\"https:\/\/lb-fertigungsservice.de\/wp-content\/uploads\/2024\/04\/froheoster.png\" alt=\"\" srcset=\"https:\/\/lb-fertigungsservice.de\/wp-content\/uploads\/2024\/04\/froheoster.png 1268w, https:\/\/lb-fertigungsservice.de\/wp-content\/uploads\/2024\/04\/froheoster-211x300.png 211w, https:\/\/lb-fertigungsservice.de\/wp-content\/uploads\/2024\/04\/froheoster-721x1024.png 721w, https:\/\/lb-fertigungsservice.de\/wp-content\/uploads\/2024\/04\/froheoster-768x1090.png 768w, https:\/\/lb-fertigungsservice.de\/wp-content\/uploads\/2024\/04\/froheoster-1082x1536.png 1082w\" sizes=\"auto, (max-width: 400px) 100vw, 400px\" \/><\/p>\n\n\n\n<p>06.12.2023 |<strong> <\/strong><strong>Winterpause vom 21.12.23 &#8211; 01.01.24<\/strong> <\/p>\n\n\n\n<p class=\"has-text-align-left\">Es ist mal wieder soweit &#8211; Weihnachten steht vor der T\u00fcr und die LB-Fertigungsservice GmbH l\u00e4sst auch dieses Jahr wieder, <br>die Maschinen f\u00fcr ein paar Tage zur Ruhe kommen. <strong>Vom 21.12.23 bis 01.01.2024<\/strong> stehen die Maschinen still und werden ab 02.01.24 wieder hochgefahren.<br>Heute ist zwar erst Nikolaus, dennoch w\u00fcnschen wir schonmal ein frohes Fest und einen guten Rutsch ins neue Jahr. Wir bedanken uns bei unseren Mitarbeitern, Partnern und Kollegen, sowie allen Kunden und Lieferanten f\u00fcr dieses arbeitsreiche Jahr!<\/p>\n\n\n\n<p class=\"has-text-align-center\"> <img loading=\"lazy\" decoding=\"async\" width=\"800\" height=\"536\" class=\"wp-image-481\" style=\"width: 800px;\" src=\"https:\/\/lb-fertigungsservice.de\/wp-content\/uploads\/2023\/12\/VM20i-XMAS-2023.png\" alt=\"\" srcset=\"https:\/\/lb-fertigungsservice.de\/wp-content\/uploads\/2023\/12\/VM20i-XMAS-2023.png 1313w, https:\/\/lb-fertigungsservice.de\/wp-content\/uploads\/2023\/12\/VM20i-XMAS-2023-300x201.png 300w, https:\/\/lb-fertigungsservice.de\/wp-content\/uploads\/2023\/12\/VM20i-XMAS-2023-1024x686.png 1024w, https:\/\/lb-fertigungsservice.de\/wp-content\/uploads\/2023\/12\/VM20i-XMAS-2023-768x515.png 768w\" sizes=\"auto, (max-width: 800px) 100vw, 800px\" \/><\/p>\n\n\n\n<p>20.09.2023 |<strong> Br\u00fcckentag vor dem Tag der deutschen Einheit (03.10.23)<\/strong><\/p>\n\n\n\n<p class=\"has-text-align-left\">Unser Betrieb wird am Montag, den 02.10.23 geschlossen bleiben, auf Grund des Feiertags am 03.10.23. Danach sind wir wie gewohnt wieder erreichbar.<\/p>\n\n\n\n<p class=\"has-text-align-center\"><img loading=\"lazy\" decoding=\"async\" width=\"300\" height=\"105\" class=\"wp-image-469\" style=\"width: 300px;\" src=\"https:\/\/lb-fertigungsservice.de\/wp-content\/uploads\/2023\/09\/3-Oktober.jpeg\" alt=\"\" srcset=\"https:\/\/lb-fertigungsservice.de\/wp-content\/uploads\/2023\/09\/3-Oktober.jpeg 1245w, https:\/\/lb-fertigungsservice.de\/wp-content\/uploads\/2023\/09\/3-Oktober-300x105.jpeg 300w, https:\/\/lb-fertigungsservice.de\/wp-content\/uploads\/2023\/09\/3-Oktober-1024x359.jpeg 1024w, https:\/\/lb-fertigungsservice.de\/wp-content\/uploads\/2023\/09\/3-Oktober-768x269.jpeg 768w\" sizes=\"auto, (max-width: 300px) 100vw, 300px\" \/><\/p>\n\n\n\n<p>01.07.2023 |<strong> DIN EN ISO 9001 &#8211; Neues Zertifikat<\/strong><\/p>\n\n\n\n<p class=\"has-text-align-left\">Wir als LB-Fertigungsservice GmbH haben auch dieses Jahr wieder eine Re-Zertifizierung f\u00fcr die ISO 9001 erhalten. Dieses Mal wurde das Audit von der G\u00fcteZert durchgef\u00fchrt, welches auch gleich ein neues Logo auf unseren Dokumenten mit sich gef\u00fchrt hat.  <a href=\"https:\/\/lb-fertigungsservice.de\/?page_id=442\">Das Zertifikat kann hier eingesehen werden.<\/a><\/p>\n\n\n\n<p>05.03.2023 | <strong>Fertigung der Beifahrerseite f\u00fcr Integral-\/Sportsitze<\/strong><\/p>\n\n\n\n<p class=\"has-text-align-left\">Die Tieferlegung f\u00fcr den Intergral-\/Sportsitz bieten wir aktuell nur f\u00fcr die Fahrerseite an. Auf Grund der hohen Nachfrage, arbeiten wir bereits auch der Beifahrerseite. Die genaue Fertigstellung steht noch nicht fest. Wir hoffen, dass wir diese zum Sommer 2023 anbieten k\u00f6nnen. Wir werden es hier kommunizieren, sobald diese zur Verf\u00fcgung steht \ud83d\ude42<\/p>\n\n\n\n<p><\/p>\n\n\n\n<p>01.12.2022 | <strong>Betriebsferien<\/strong> <strong>vom 21.12.22 \u2013 01.01.2023<\/strong><\/p>\n\n\n\n<p class=\"has-text-align-left\">Das Ende des Jahres naht. Auch wir g\u00f6nnen uns mal eine kleine Auszeit: Wir machen Betriebsferien vom 21.12.22 \u2013 01.01.2023. <br>Wir sagen dankesch\u00f6n an all unsere Partner, Kunden, Lieferanten und Kollegen f\u00fcr die Zusammenarbeit in diesem Jahr.<\/p>\n\n\n<div class=\"wp-block-image\">\n<figure class=\"aligncenter size-large is-resized\"><img loading=\"lazy\" decoding=\"async\" width=\"1024\" height=\"1024\" src=\"https:\/\/lb-fertigungsservice.de\/wp-content\/uploads\/2022\/12\/\u2014Pngtree\u2014happy-holiday-original-handwriting_8405824-1024x1024.png\" alt=\"\" class=\"wp-image-421\" style=\"width:270px;height:270px\" srcset=\"https:\/\/lb-fertigungsservice.de\/wp-content\/uploads\/2022\/12\/\u2014Pngtree\u2014happy-holiday-original-handwriting_8405824-1024x1024.png 1024w, https:\/\/lb-fertigungsservice.de\/wp-content\/uploads\/2022\/12\/\u2014Pngtree\u2014happy-holiday-original-handwriting_8405824-300x300.png 300w, https:\/\/lb-fertigungsservice.de\/wp-content\/uploads\/2022\/12\/\u2014Pngtree\u2014happy-holiday-original-handwriting_8405824-150x150.png 150w, https:\/\/lb-fertigungsservice.de\/wp-content\/uploads\/2022\/12\/\u2014Pngtree\u2014happy-holiday-original-handwriting_8405824-768x768.png 768w, https:\/\/lb-fertigungsservice.de\/wp-content\/uploads\/2022\/12\/\u2014Pngtree\u2014happy-holiday-original-handwriting_8405824-1536x1536.png 1536w, https:\/\/lb-fertigungsservice.de\/wp-content\/uploads\/2022\/12\/\u2014Pngtree\u2014happy-holiday-original-handwriting_8405824-2048x2048.png 2048w\" sizes=\"auto, (max-width: 1024px) 100vw, 1024px\" \/><\/figure><\/div>\n\n\n<p>01.07.2022 | <strong>Umzug des Firmensitzes<\/strong><\/p>\n\n\n\n<p>Die Firma LB-Fertigungsservice GmbH ist zum 01.07.2022 in die Riedstra\u00dfe 15 in 61137 Sch\u00f6neck B\u00fcdesheim umgezogen. Die neue Halle befindet sich auf dem Grundst\u00fcck der Firma Hoffmann GmbH in Tor 4. <br><br>Der Eingang ist aktuell nur \u00fcber den gro\u00dfen Hof zu erreichen, jedoch werden gegenw\u00e4rtig Umbauma\u00dfnahmen durchgef\u00fchrt, welche einen Eingang, sowie eigene Parkpl\u00e4tze \u00fcber die Nordseite der Halle erm\u00f6glichen.<\/p>\n\n\n\n<p><\/p>\n\n\n\n<p>10.03.2022 | <strong>Kooperation mit G\u00fchring<\/strong> <strong>KG<\/strong><\/p>\n\n\n\n<div class=\"wp-block-columns is-layout-flex wp-container-core-columns-is-layout-1 wp-block-columns-is-layout-flex\">\n<div class=\"wp-block-column is-vertically-aligned-top is-layout-flow wp-block-column-is-layout-flow\" style=\"flex-basis:66.66%\">\n<p><em>G\u00fchring<\/em> <em>KG <\/em>ist einer der weltweit f\u00fchrenden Hersteller von rotierendem Werkzeug zur Metallbearbeitung.<br>Gemeinsam mit G\u00fchring KG haben wir unter instabilen Maschinenbedingungen mit Hilfe eines einzigen Fr\u00e4ser einen gesamten Auftrag gefertigt \u2013 und das nahezu ohne Verschlei\u00df. <br><a rel=\"noreferrer noopener\" href=\"https:\/\/guehring.com\/der-rf-100-sharp-uebertrifft-alle-erwartungen\/\" target=\"_blank\">Mehr dazu im Artikel von G\u00fchring KG.<\/a> <\/p>\n<\/div>\n\n\n\n<div class=\"wp-block-column is-layout-flow wp-block-column-is-layout-flow\" style=\"flex-basis:33.33%\">\n<figure class=\"wp-block-image size-full is-resized\"><a href=\"https:\/\/guehring.com\/der-rf-100-sharp-uebertrifft-alle-erwartungen\/\" target=\"_blank\" rel=\"noreferrer noopener\"><img loading=\"lazy\" decoding=\"async\" width=\"387\" height=\"594\" src=\"https:\/\/lb-fertigungsservice.de\/wp-content\/uploads\/2022\/04\/Guehring-Artikel-1.png\" alt=\"\" class=\"wp-image-402\" style=\"width:193px;height:296px\" srcset=\"https:\/\/lb-fertigungsservice.de\/wp-content\/uploads\/2022\/04\/Guehring-Artikel-1.png 387w, https:\/\/lb-fertigungsservice.de\/wp-content\/uploads\/2022\/04\/Guehring-Artikel-1-195x300.png 195w\" sizes=\"auto, (max-width: 387px) 100vw, 387px\" \/><\/a><\/figure>\n<\/div>\n<\/div>\n\n\n\n<p><\/p>\n\n\n\n<p><strong>UNSERE KERNKOMPETENZ<\/strong><\/p>\n\n\n\n<p>Die LB-Fertigungsservice GmbH wurde 2005 gegr\u00fcndet und wird noch heute durch die Gesch\u00e4ftsf\u00fchrerin Liane Beinenz gef\u00fchrt. <\/p>\n\n\n\n<p>Unsere Kernkompetenz ist die wirtschaftliche spanabhebende Bearbeitung von Werkstoffen zur Herstellung anspruchsvoller mechanischer Bauteile in h\u00f6chster Pr\u00e4zision.  <br><br>Mit unserem modernem Maschinenpark produzieren wir Unikate, wie qualifizierte Sonder- und Serienfertigungen. <br>Dank unseres langj\u00e4hrigen Know-How k\u00f6nnen wir Sie bereits in der Produktentwicklung l\u00f6sungsorientiert und kostenminimierend unterst\u00fctzen.  <br><\/p>\n\n\n\n<div class=\"wp-block-media-text alignwide has-media-on-the-right has-background\" style=\"background-color:#e0e0e0;grid-template-columns:auto 15%\"><div class=\"wp-block-media-text__content\">\n<p class=\"has-medium-font-size\"><br><strong>ISO-Zertifiziert<\/strong><\/p>\n\n\n\n<p>Zudem sind wir bereits seit mehreren Jahren ISO-Zertifiziert. Die Zertifizierung dient dem Nachweis der kompetenten Ausf\u00fchrung von Leistungen. <\/p>\n\n\n\n<p> Zu den Elementen dieser Zertifizierung geh\u00f6ren Aus- und Fortbildung des Fachpersonals, Begutachtung der Dienstleistung durch unabh\u00e4ngige Sachverst\u00e4ndige, Erteilung eines Zertifikates und \u00dcberwachung,<br>d. h. periodische \u00dcberpr\u00fcfung der Dienstleistungsqualit\u00e4t.   <\/p>\n\n\n\n<p><a href=\"https:\/\/lb-fertigungsservice.de\/?page_id=442\">Das Zertifikat kann hier eingesehen werden.<\/a><\/p>\n<\/div><figure class=\"wp-block-media-text__media\"><img loading=\"lazy\" decoding=\"async\" width=\"227\" height=\"184\" src=\"https:\/\/lb-fertigungsservice.de\/wp-content\/uploads\/2023\/09\/guetezert_web.png\" alt=\"\" class=\"wp-image-456 size-full\"\/><\/figure><\/div>\n\n\n\n<p><strong>UNSER SPEZIALGEBIET<\/strong><\/p>\n\n\n\n<p>Die qualifizierte Bearbeitung von Sonderwerkstoffen:<\/p>\n\n\n\n<div class=\"wp-block-columns is-layout-flex wp-container-core-columns-is-layout-2 wp-block-columns-is-layout-flex\">\n<div class=\"wp-block-column is-vertically-aligned-top is-layout-flow wp-block-column-is-layout-flow\">\n<ul class=\"wp-block-list\">\n<li>rein Chrom (99,98%) <\/li>\n\n\n\n<li>rein Aluminium (&gt;99,7%) <\/li>\n\n\n\n<li>Incoloy825,Carpenter C20 (2.4660) <\/li>\n<\/ul>\n<\/div>\n\n\n\n<div class=\"wp-block-column is-layout-flow wp-block-column-is-layout-flow\">\n<ul class=\"wp-block-list\">\n<li>Titan Grad 2 (3.7034) <\/li>\n\n\n\n<li>Titan Grad 5 (3.7164) <\/li>\n\n\n\n<li>Murytal &#8222;Splus&#8220;+ESD <\/li>\n<\/ul>\n<\/div>\n<\/div>\n\n\n\n<div style=\"height:20px\" aria-hidden=\"true\" class=\"wp-block-spacer\"><\/div>\n\n\n\n<p><strong>UNSER LEISTUNGSSPEKTRUM<\/strong><\/p>\n\n\n\n<div class=\"wp-block-media-text has-media-on-the-right is-stacked-on-mobile\" style=\"grid-template-columns:auto 36%\"><div class=\"wp-block-media-text__content\">\n<p>Unser Leistungsspecktrum deckt durch langj\u00e4hrige erfolgreiche Kooperationen, wesentliche Bestandteile der Oberfl\u00e4chenbearbeitung ab. Dazu z\u00e4hlen h\u00e4rten, plasmanitrieren, nitrieren, oxidieren, eloxieren etc. genauso wie jedwede mechanische Arbeiten.<\/p>\n\n\n\n<p>Sturm erprobt, flexibel, mit innovativen Dienstleistungen garantiert unser Unternehmen &#8211; termingerecht &#8211; hochwertige L\u00f6sungen als kompetenter Zulieferer von Investitionsg\u00fctern.<\/p>\n<\/div><figure class=\"wp-block-media-text__media\"><img loading=\"lazy\" decoding=\"async\" width=\"960\" height=\"686\" src=\"https:\/\/lb-fertigungsservice.de\/wp-content\/uploads\/2019\/10\/drill-444517_960_720.jpg\" alt=\"\" class=\"wp-image-41 size-full\" srcset=\"https:\/\/lb-fertigungsservice.de\/wp-content\/uploads\/2019\/10\/drill-444517_960_720.jpg 960w, https:\/\/lb-fertigungsservice.de\/wp-content\/uploads\/2019\/10\/drill-444517_960_720-300x214.jpg 300w, https:\/\/lb-fertigungsservice.de\/wp-content\/uploads\/2019\/10\/drill-444517_960_720-768x549.jpg 768w\" sizes=\"auto, (max-width: 960px) 100vw, 960px\" \/><\/figure><\/div>\n","protected":false},"excerpt":{"rendered":"<p>AKTUELLES 07.05.2024 | Angebot zum Saisonstart \/\/ Erh\u00f6hte Lieferzeiten f\u00fcr unsere Sabelt-Sitzschienen Die Sch\u00f6nwetter-Saison ist langsam aber sicher am Start. Da haben wir uns gedacht, dass wir f\u00fcr unsere Fahrwerksstreben ein Angebot f\u00fcr euch machen. Der Normalpreis liegt bei 130,00\u20ac inkl. MwSt. &#8211; und bis zum Sommeranfang 20.06.24 gibt es 15% Rabatt! Schickt uns bei &#8230; <a title=\"Startseite\" class=\"read-more\" href=\"https:\/\/lb-fertigungsservice.de\/\" aria-label=\"Mehr Informationen \u00fcber Startseite\">Weiterlesen<\/a><\/p>\n","protected":false},"author":1,"featured_media":0,"parent":0,"menu_order":0,"comment_status":"closed","ping_status":"closed","template":"","meta":{"footnotes":""},"class_list":["post-2","page","type-page","status-publish"],"_links":{"self":[{"href":"https:\/\/lb-fertigungsservice.de\/index.php?rest_route=\/wp\/v2\/pages\/2","targetHints":{"allow":["GET"]}}],"collection":[{"href":"https:\/\/lb-fertigungsservice.de\/index.php?rest_route=\/wp\/v2\/pages"}],"about":[{"href":"https:\/\/lb-fertigungsservice.de\/index.php?rest_route=\/wp\/v2\/types\/page"}],"author":[{"embeddable":true,"href":"https:\/\/lb-fertigungsservice.de\/index.php?rest_route=\/wp\/v2\/users\/1"}],"replies":[{"embeddable":true,"href":"https:\/\/lb-fertigungsservice.de\/index.php?rest_route=%2Fwp%2Fv2%2Fcomments&post=2"}],"version-history":[{"count":82,"href":"https:\/\/lb-fertigungsservice.de\/index.php?rest_route=\/wp\/v2\/pages\/2\/revisions"}],"predecessor-version":[{"id":519,"href":"https:\/\/lb-fertigungsservice.de\/index.php?rest_route=\/wp\/v2\/pages\/2\/revisions\/519"}],"wp:attachment":[{"href":"https:\/\/lb-fertigungsservice.de\/index.php?rest_route=%2Fwp%2Fv2%2Fmedia&parent=2"}],"curies":[{"name":"wp","href":"https:\/\/api.w.org\/{rel}","templated":true}]}}