{"id":219,"date":"2019-11-06T08:58:48","date_gmt":"2019-11-06T08:58:48","guid":{"rendered":"https:\/\/lb-fertigungsservice.de\/?page_id=219"},"modified":"2019-11-06T10:31:32","modified_gmt":"2019-11-06T10:31:32","slug":"fertigung-drehen","status":"publish","type":"page","link":"https:\/\/lb-fertigungsservice.de\/?page_id=219","title":{"rendered":"Fertigung &#8211; Drehen"},"content":{"rendered":"\n<div class=\"wp-block-cover alignwide has-background-dim has-parallax\" style=\"background-image:url(https:\/\/lb-fertigungsservice.de\/wp-content\/uploads\/2019\/11\/203.jpg)\"><div class=\"wp-block-cover__inner-container is-layout-flow wp-block-cover-is-layout-flow\">\n<p style=\"text-align:center\" class=\"has-large-font-size\"><strong>Fertigungsm\u00f6glichkeiten<\/strong><\/p>\n\n\n\n<p style=\"text-align:center\" class=\"has-medium-font-size\">&#8211; Drehen &#8211;<\/p>\n<\/div><\/div>\n\n\n\n<div style=\"height:20px\" aria-hidden=\"true\" class=\"wp-block-spacer\"><\/div>\n\n\n\n<h2 class=\"wp-block-heading\"><strong>Fertigungsm\u00f6glichkeiten<\/strong><\/h2>\n\n\n\n<div style=\"height:20px\" aria-hidden=\"true\" class=\"wp-block-spacer\"><\/div>\n\n\n\n<div class=\"wp-block-columns alignwide has-2-columns is-layout-flex wp-container-core-columns-is-layout-1 wp-block-columns-is-layout-flex\">\n<div class=\"wp-block-column is-layout-flow wp-block-column-is-layout-flow\">\n<figure class=\"wp-block-image\"><img loading=\"lazy\" decoding=\"async\" width=\"840\" height=\"625\" src=\"https:\/\/lb-fertigungsservice.de\/wp-content\/uploads\/2019\/11\/SJ-430S.jpg\" alt=\"\" class=\"wp-image-221\" srcset=\"https:\/\/lb-fertigungsservice.de\/wp-content\/uploads\/2019\/11\/SJ-430S.jpg 840w, https:\/\/lb-fertigungsservice.de\/wp-content\/uploads\/2019\/11\/SJ-430S-300x223.jpg 300w, https:\/\/lb-fertigungsservice.de\/wp-content\/uploads\/2019\/11\/SJ-430S-768x571.jpg 768w\" sizes=\"auto, (max-width: 840px) 100vw, 840px\" \/><\/figure>\n<\/div>\n\n\n\n<div class=\"wp-block-column is-layout-flow wp-block-column-is-layout-flow\">\n<p><\/p>\n\n\n\n<h3 class=\"wp-block-heading\" style=\"text-align:center\"><strong>Saeilo CONTUR SJ-430\/760 S <\/strong><\/h3>\n\n\n\n<p style=\"text-align:center\">  Spitzenh\u00f6he 215 mm<br>Spitzenweite 760 mm<br>Spindelbohrung 58 mm<br>Spindeldrehzahlbereich 20-2000 mm <\/p>\n\n\n\n<div class=\"wp-block-image\"><figure class=\"aligncenter\"><a href=\"https:\/\/www.saeilo.de\/\" target=\"_blank\" rel=\"noreferrer noopener\"><img loading=\"lazy\" decoding=\"async\" width=\"140\" height=\"112\" src=\"https:\/\/lb-fertigungsservice.de\/wp-content\/uploads\/2019\/11\/logo.png\" alt=\"\" class=\"wp-image-222\"\/><\/a><\/figure><\/div>\n<\/div>\n<\/div>\n\n\n\n<div class=\"wp-block-columns alignwide has-2-columns is-layout-flex wp-container-core-columns-is-layout-2 wp-block-columns-is-layout-flex\">\n<div class=\"wp-block-column is-layout-flow wp-block-column-is-layout-flow\">\n<h3 class=\"wp-block-heading\"><\/h3>\n\n\n\n<h3 class=\"wp-block-heading\" style=\"text-align:center\"><strong> Johnford Matra TM50 <\/strong><\/h3>\n\n\n\n<p style=\"text-align:center\"> Verfahrwege X= 350 mm | Z= 1500 mm <br> Fanuc-Steuerung <br> hydraulische L\u00fcnette bis \u00d8 150 mm <br> 12 Revolverpl\u00e4tze <\/p>\n\n\n\n<div class=\"wp-block-image\"><figure class=\"aligncenter is-resized\"><img loading=\"lazy\" decoding=\"async\" src=\"https:\/\/lb-fertigungsservice.de\/wp-content\/uploads\/2019\/11\/logo-1.png\" alt=\"\" class=\"wp-image-225\" width=\"231\" height=\"55\" srcset=\"https:\/\/lb-fertigungsservice.de\/wp-content\/uploads\/2019\/11\/logo-1.png 661w, https:\/\/lb-fertigungsservice.de\/wp-content\/uploads\/2019\/11\/logo-1-300x71.png 300w\" sizes=\"auto, (max-width: 231px) 100vw, 231px\" \/><\/figure><\/div>\n\n\n\n<p><\/p>\n<\/div>\n\n\n\n<div class=\"wp-block-column is-layout-flow wp-block-column-is-layout-flow\">\n<figure class=\"wp-block-image\"><img loading=\"lazy\" decoding=\"async\" width=\"1024\" height=\"768\" src=\"https:\/\/lb-fertigungsservice.de\/wp-content\/uploads\/2019\/11\/111-1024x768.jpg\" alt=\"\" class=\"wp-image-224\" srcset=\"https:\/\/lb-fertigungsservice.de\/wp-content\/uploads\/2019\/11\/111-1024x768.jpg 1024w, https:\/\/lb-fertigungsservice.de\/wp-content\/uploads\/2019\/11\/111-300x225.jpg 300w, https:\/\/lb-fertigungsservice.de\/wp-content\/uploads\/2019\/11\/111-768x576.jpg 768w, https:\/\/lb-fertigungsservice.de\/wp-content\/uploads\/2019\/11\/111.jpg 1600w\" sizes=\"auto, (max-width: 1024px) 100vw, 1024px\" \/><\/figure>\n<\/div>\n<\/div>\n\n\n\n<div class=\"wp-block-columns alignwide has-2-columns is-layout-flex wp-container-core-columns-is-layout-3 wp-block-columns-is-layout-flex\">\n<div class=\"wp-block-column is-layout-flow wp-block-column-is-layout-flow\">\n<figure class=\"wp-block-image\"><img loading=\"lazy\" decoding=\"async\" width=\"1024\" height=\"768\" src=\"https:\/\/lb-fertigungsservice.de\/wp-content\/uploads\/2019\/11\/119-1024x768.jpg\" alt=\"\" class=\"wp-image-226\" srcset=\"https:\/\/lb-fertigungsservice.de\/wp-content\/uploads\/2019\/11\/119-1024x768.jpg 1024w, https:\/\/lb-fertigungsservice.de\/wp-content\/uploads\/2019\/11\/119-300x225.jpg 300w, https:\/\/lb-fertigungsservice.de\/wp-content\/uploads\/2019\/11\/119-768x576.jpg 768w, https:\/\/lb-fertigungsservice.de\/wp-content\/uploads\/2019\/11\/119.jpg 1600w\" sizes=\"auto, (max-width: 1024px) 100vw, 1024px\" \/><\/figure>\n\n\n\n<p><\/p>\n<\/div>\n\n\n\n<div class=\"wp-block-column is-layout-flow wp-block-column-is-layout-flow\">\n<p><\/p>\n\n\n\n<h3 class=\"wp-block-heading\" style=\"text-align:center\"><strong>Microcut<\/strong><\/h3>\n\n\n\n<p style=\"text-align:center\">  Verfahrwege X= 1000mm | Z= 3500mm&nbsp; <\/p>\n<\/div>\n<\/div>\n\n\n\n<h3 class=\"wp-block-heading\"><strong>Zus\u00e4tzliche Fertigungsm\u00f6glichkeiten<\/strong>:<\/h3>\n\n\n\n<table class=\"wp-block-table has-fixed-layout is-style-stripes\"><tbody><tr><td><strong>In Zusammenarbeit mit unseren langj\u00e4hrigen Gesch\u00e4ftspartnern ist es uns m\u00f6glich Teile aus Aluminium zu eloxieren (auch farblich) und zu hartcoartieren<\/strong>.<\/td><\/tr><tr><td><strong>Ebenfalls in Kooperation mit unseren Gesch\u00e4ftspartnern bieten wir spezielle W\u00e4rmebehandlungen, zur ver\u00e4nderung der Werkstoffeigenschaften, an. Beispielsweise &#8222;Oxidieren&#8220;, &#8222;Gasnitrieren&#8220; und &#8222;H\u00e4rten&#8220;<\/strong><\/td><\/tr><\/tbody><\/table>\n\n\n\n<div style=\"height:32px\" aria-hidden=\"true\" class=\"wp-block-spacer\"><\/div>\n\n\n\n<div class=\"wp-block-button aligncenter\"><a class=\"wp-block-button__link\" href=\"?page_id=61\">Kontakieren Sie uns<\/a><\/div>\n","protected":false},"excerpt":{"rendered":"<p>Fertigungsm\u00f6glichkeiten Saeilo CONTUR SJ-430\/760 S Spitzenh\u00f6he 215 mmSpitzenweite 760 mmSpindelbohrung 58 mmSpindeldrehzahlbereich 20-2000 mm Johnford Matra TM50 Verfahrwege X= 350 mm | Z= 1500 mm Fanuc-Steuerung hydraulische L\u00fcnette bis \u00d8 150 mm 12 Revolverpl\u00e4tze Microcut Verfahrwege X= 1000mm | Z= 3500mm&nbsp; Zus\u00e4tzliche Fertigungsm\u00f6glichkeiten: In Zusammenarbeit mit unseren langj\u00e4hrigen Gesch\u00e4ftspartnern ist es uns m\u00f6glich Teile aus &#8230; <a title=\"Fertigung &#8211; Drehen\" class=\"read-more\" href=\"https:\/\/lb-fertigungsservice.de\/?page_id=219\" aria-label=\"Mehr Informationen \u00fcber Fertigung &#8211; Drehen\">Weiterlesen<\/a><\/p>\n","protected":false},"author":1,"featured_media":0,"parent":0,"menu_order":0,"comment_status":"closed","ping_status":"closed","template":"","meta":{"footnotes":""},"class_list":["post-219","page","type-page","status-publish"],"_links":{"self":[{"href":"https:\/\/lb-fertigungsservice.de\/index.php?rest_route=\/wp\/v2\/pages\/219","targetHints":{"allow":["GET"]}}],"collection":[{"href":"https:\/\/lb-fertigungsservice.de\/index.php?rest_route=\/wp\/v2\/pages"}],"about":[{"href":"https:\/\/lb-fertigungsservice.de\/index.php?rest_route=\/wp\/v2\/types\/page"}],"author":[{"embeddable":true,"href":"https:\/\/lb-fertigungsservice.de\/index.php?rest_route=\/wp\/v2\/users\/1"}],"replies":[{"embeddable":true,"href":"https:\/\/lb-fertigungsservice.de\/index.php?rest_route=%2Fwp%2Fv2%2Fcomments&post=219"}],"version-history":[{"count":6,"href":"https:\/\/lb-fertigungsservice.de\/index.php?rest_route=\/wp\/v2\/pages\/219\/revisions"}],"predecessor-version":[{"id":262,"href":"https:\/\/lb-fertigungsservice.de\/index.php?rest_route=\/wp\/v2\/pages\/219\/revisions\/262"}],"wp:attachment":[{"href":"https:\/\/lb-fertigungsservice.de\/index.php?rest_route=%2Fwp%2Fv2%2Fmedia&parent=219"}],"curies":[{"name":"wp","href":"https:\/\/api.w.org\/{rel}","templated":true}]}}