{"id":228,"date":"2019-11-06T09:42:32","date_gmt":"2019-11-06T09:42:32","guid":{"rendered":"https:\/\/lb-fertigungsservice.de\/?page_id=228"},"modified":"2019-11-06T10:32:05","modified_gmt":"2019-11-06T10:32:05","slug":"fertigung-messmaschinen","status":"publish","type":"page","link":"https:\/\/lb-fertigungsservice.de\/?page_id=228","title":{"rendered":"Fertigung &#8211; Messmaschinen"},"content":{"rendered":"\n<div class=\"wp-block-cover alignwide has-background-dim has-parallax\" style=\"background-image:url(https:\/\/lb-fertigungsservice.de\/wp-content\/uploads\/2019\/11\/Digital_caliper_remove_masking_scale_on_stator.jpg)\"><div class=\"wp-block-cover__inner-container is-layout-flow wp-block-cover-is-layout-flow\">\n<p style=\"text-align:center\" class=\"has-large-font-size\"><strong>Fertigungsm\u00f6glichkeiten<\/strong><\/p>\n\n\n\n<p style=\"text-align:center\" class=\"has-medium-font-size\">&#8211; Messmaschinen &#8211;<\/p>\n<\/div><\/div>\n\n\n\n<div style=\"height:20px\" aria-hidden=\"true\" class=\"wp-block-spacer\"><\/div>\n\n\n\n<h2 class=\"wp-block-heading\"><strong>Messmaschinen<\/strong><\/h2>\n\n\n\n<div style=\"height:20px\" aria-hidden=\"true\" class=\"wp-block-spacer\"><\/div>\n\n\n\n<div class=\"wp-block-columns alignwide has-2-columns is-layout-flex wp-container-core-columns-is-layout-1 wp-block-columns-is-layout-flex\">\n<div class=\"wp-block-column is-layout-flow wp-block-column-is-layout-flow\">\n<figure class=\"wp-block-image is-resized\"><img loading=\"lazy\" decoding=\"async\" src=\"https:\/\/lb-fertigungsservice.de\/wp-content\/uploads\/2019\/11\/Brown-and-Sharpe_Derby454cut.jpg\" alt=\"\" class=\"wp-image-230\" width=\"591\" height=\"679\" srcset=\"https:\/\/lb-fertigungsservice.de\/wp-content\/uploads\/2019\/11\/Brown-and-Sharpe_Derby454cut.jpg 800w, https:\/\/lb-fertigungsservice.de\/wp-content\/uploads\/2019\/11\/Brown-and-Sharpe_Derby454cut-261x300.jpg 261w, https:\/\/lb-fertigungsservice.de\/wp-content\/uploads\/2019\/11\/Brown-and-Sharpe_Derby454cut-768x882.jpg 768w\" sizes=\"auto, (max-width: 591px) 100vw, 591px\" \/><\/figure>\n<\/div>\n\n\n\n<div class=\"wp-block-column is-layout-flow wp-block-column-is-layout-flow\">\n<p><\/p>\n\n\n\n<h3 class=\"wp-block-heading\" style=\"text-align:center\"><strong>Etalon Derby 454<\/strong><\/h3>\n\n\n\n<p style=\"text-align:center\">  Koordinatenmessmaschine<br>Tischgr\u00f6\u00dfe 750x550mm mit <br>Messsonde RENISHAW Serie N \u00b0 U82195<br><br>mit Konsole und Drucker Epson LQ850<br>max Belastungstabelle 230kg <\/p>\n<\/div>\n<\/div>\n\n\n\n<div class=\"wp-block-columns alignwide has-2-columns is-layout-flex wp-container-core-columns-is-layout-2 wp-block-columns-is-layout-flex\">\n<div class=\"wp-block-column is-layout-flow wp-block-column-is-layout-flow\">\n<h3 class=\"wp-block-heading\"><\/h3>\n\n\n\n<h3 class=\"wp-block-heading\" style=\"text-align:center\"> <strong>Tesa Micro-Hite 600&nbsp;<\/strong> <\/h3>\n\n\n\n<p style=\"text-align:center\">  Digitales vermessen bis 615mm   <\/p>\n\n\n\n<p><\/p>\n<\/div>\n\n\n\n<div class=\"wp-block-column is-layout-flow wp-block-column-is-layout-flow\">\n<figure class=\"wp-block-image\"><img loading=\"lazy\" decoding=\"async\" width=\"290\" height=\"387\" src=\"https:\/\/lb-fertigungsservice.de\/wp-content\/uploads\/2019\/10\/TESA-Micro-Hite-600.png\" alt=\"\" class=\"wp-image-180\" srcset=\"https:\/\/lb-fertigungsservice.de\/wp-content\/uploads\/2019\/10\/TESA-Micro-Hite-600.png 290w, https:\/\/lb-fertigungsservice.de\/wp-content\/uploads\/2019\/10\/TESA-Micro-Hite-600-225x300.png 225w\" sizes=\"auto, (max-width: 290px) 100vw, 290px\" \/><\/figure>\n<\/div>\n<\/div>\n\n\n\n<h3 class=\"wp-block-heading\"><strong>Zus\u00e4tzliche Fertigungsm\u00f6glichkeiten<\/strong>:<\/h3>\n\n\n\n<table class=\"wp-block-table has-fixed-layout is-style-stripes\"><tbody><tr><td><strong>In Zusammenarbeit mit unseren langj\u00e4hrigen Gesch\u00e4ftspartnern ist es uns m\u00f6glich Teile aus Aluminium zu eloxieren (auch farblich) und zu hartcoartieren<\/strong>.<\/td><\/tr><tr><td><strong>Ebenfalls in Kooperation mit unseren Gesch\u00e4ftspartnern bieten wir spezielle W\u00e4rmebehandlungen, zur ver\u00e4nderung der Werkstoffeigenschaften, an. Beispielsweise &#8222;Oxidieren&#8220;, &#8222;Gasnitrieren&#8220; und &#8222;H\u00e4rten&#8220;<\/strong><\/td><\/tr><\/tbody><\/table>\n\n\n\n<div style=\"height:32px\" aria-hidden=\"true\" class=\"wp-block-spacer\"><\/div>\n\n\n\n<div class=\"wp-block-button aligncenter\"><a class=\"wp-block-button__link\" href=\"?page_id=61\">Kontakieren Sie uns<\/a><\/div>\n","protected":false},"excerpt":{"rendered":"<p>Messmaschinen Etalon Derby 454 KoordinatenmessmaschineTischgr\u00f6\u00dfe 750x550mm mit Messsonde RENISHAW Serie N \u00b0 U82195 mit Konsole und Drucker Epson LQ850max Belastungstabelle 230kg Tesa Micro-Hite 600&nbsp; Digitales vermessen bis 615mm Zus\u00e4tzliche Fertigungsm\u00f6glichkeiten: In Zusammenarbeit mit unseren langj\u00e4hrigen Gesch\u00e4ftspartnern ist es uns m\u00f6glich Teile aus Aluminium zu eloxieren (auch farblich) und zu hartcoartieren. Ebenfalls in Kooperation mit unseren &#8230; <a title=\"Fertigung &#8211; Messmaschinen\" class=\"read-more\" href=\"https:\/\/lb-fertigungsservice.de\/?page_id=228\" aria-label=\"Mehr Informationen \u00fcber Fertigung &#8211; Messmaschinen\">Weiterlesen<\/a><\/p>\n","protected":false},"author":1,"featured_media":0,"parent":0,"menu_order":0,"comment_status":"closed","ping_status":"closed","template":"","meta":{"footnotes":""},"class_list":["post-228","page","type-page","status-publish"],"_links":{"self":[{"href":"https:\/\/lb-fertigungsservice.de\/index.php?rest_route=\/wp\/v2\/pages\/228","targetHints":{"allow":["GET"]}}],"collection":[{"href":"https:\/\/lb-fertigungsservice.de\/index.php?rest_route=\/wp\/v2\/pages"}],"about":[{"href":"https:\/\/lb-fertigungsservice.de\/index.php?rest_route=\/wp\/v2\/types\/page"}],"author":[{"embeddable":true,"href":"https:\/\/lb-fertigungsservice.de\/index.php?rest_route=\/wp\/v2\/users\/1"}],"replies":[{"embeddable":true,"href":"https:\/\/lb-fertigungsservice.de\/index.php?rest_route=%2Fwp%2Fv2%2Fcomments&post=228"}],"version-history":[{"count":5,"href":"https:\/\/lb-fertigungsservice.de\/index.php?rest_route=\/wp\/v2\/pages\/228\/revisions"}],"predecessor-version":[{"id":264,"href":"https:\/\/lb-fertigungsservice.de\/index.php?rest_route=\/wp\/v2\/pages\/228\/revisions\/264"}],"wp:attachment":[{"href":"https:\/\/lb-fertigungsservice.de\/index.php?rest_route=%2Fwp%2Fv2%2Fmedia&parent=228"}],"curies":[{"name":"wp","href":"https:\/\/api.w.org\/{rel}","templated":true}]}}