{"id":232,"date":"2019-11-06T09:50:53","date_gmt":"2019-11-06T09:50:53","guid":{"rendered":"https:\/\/lb-fertigungsservice.de\/?page_id=232"},"modified":"2019-11-06T10:33:26","modified_gmt":"2019-11-06T10:33:26","slug":"fertigung-weitere-maschinen","status":"publish","type":"page","link":"https:\/\/lb-fertigungsservice.de\/?page_id=232","title":{"rendered":"Fertigung &#8211; Weitere Maschinen"},"content":{"rendered":"\n<div class=\"wp-block-cover alignwide has-background-dim has-parallax\" style=\"background-image:url(https:\/\/lb-fertigungsservice.de\/wp-content\/uploads\/2019\/11\/NEU-043.jpg)\"><div class=\"wp-block-cover__inner-container is-layout-flow wp-block-cover-is-layout-flow\">\n<p style=\"text-align:center\" class=\"has-large-font-size\"><strong>Fertigungsm\u00f6glichkeiten<\/strong><\/p>\n\n\n\n<p style=\"text-align:center\" class=\"has-medium-font-size\">&#8211; Weitere Maschinen &#8211;<\/p>\n<\/div><\/div>\n\n\n\n<div style=\"height:20px\" aria-hidden=\"true\" class=\"wp-block-spacer\"><\/div>\n\n\n\n<h2 class=\"wp-block-heading\"><strong>Weitere Maschinen<\/strong><\/h2>\n\n\n\n<div style=\"height:20px\" aria-hidden=\"true\" class=\"wp-block-spacer\"><\/div>\n\n\n\n<div class=\"wp-block-columns alignwide has-2-columns is-layout-flex wp-container-core-columns-is-layout-1 wp-block-columns-is-layout-flex\">\n<div class=\"wp-block-column is-layout-flow wp-block-column-is-layout-flow\">\n<figure class=\"wp-block-image\"><img loading=\"lazy\" decoding=\"async\" width=\"650\" height=\"435\" src=\"https:\/\/lb-fertigungsservice.de\/wp-content\/uploads\/2019\/10\/Saege.png\" alt=\"\" class=\"wp-image-175\" srcset=\"https:\/\/lb-fertigungsservice.de\/wp-content\/uploads\/2019\/10\/Saege.png 650w, https:\/\/lb-fertigungsservice.de\/wp-content\/uploads\/2019\/10\/Saege-300x201.png 300w\" sizes=\"auto, (max-width: 650px) 100vw, 650px\" \/><\/figure>\n<\/div>\n\n\n\n<div class=\"wp-block-column is-layout-flow wp-block-column-is-layout-flow\">\n<p><\/p>\n\n\n\n<h3 class=\"wp-block-heading\" style=\"text-align:center\"> <strong>Kasto Bands\u00e4gevollautomat SBA 260 AU <\/strong> <\/h3>\n\n\n\n<p style=\"text-align:center\">   Schnittbereich bis d=260mm  <\/p>\n\n\n\n<div style=\"height:100px\" aria-hidden=\"true\" class=\"wp-block-spacer\"><\/div>\n\n\n\n<div class=\"wp-block-image\"><figure class=\"aligncenter is-resized\"><a href=\"https:\/\/www.kasto.com\/de\/startseite.html\" target=\"_blank\" rel=\"noreferrer noopener\"><img loading=\"lazy\" decoding=\"async\" src=\"https:\/\/lb-fertigungsservice.de\/wp-content\/uploads\/2019\/11\/Logo_von_Kasto_Maschinenbau.jpg\" alt=\"\" class=\"wp-image-239\" width=\"164\" height=\"100\" srcset=\"https:\/\/lb-fertigungsservice.de\/wp-content\/uploads\/2019\/11\/Logo_von_Kasto_Maschinenbau.jpg 472w, https:\/\/lb-fertigungsservice.de\/wp-content\/uploads\/2019\/11\/Logo_von_Kasto_Maschinenbau-300x183.jpg 300w\" sizes=\"auto, (max-width: 164px) 100vw, 164px\" \/><\/a><\/figure><\/div>\n<\/div>\n<\/div>\n\n\n\n<div class=\"wp-block-columns alignwide has-2-columns is-layout-flex wp-container-core-columns-is-layout-2 wp-block-columns-is-layout-flex\">\n<div class=\"wp-block-column is-layout-flow wp-block-column-is-layout-flow\">\n<h3 class=\"wp-block-heading\"><\/h3>\n\n\n\n<h3 class=\"wp-block-heading\" style=\"text-align:center\">  <strong>Rundvibrator R\u00f6sler EC<\/strong> <\/h3>\n\n\n\n<p style=\"text-align:center\">   Die Anlage wird zum Entgraten, Schleifen, Polieren usw. von kleineren und gr\u00f6\u00dferen Werkst\u00fccken eingesetzt.  <\/p>\n\n\n\n<div style=\"height:100px\" aria-hidden=\"true\" class=\"wp-block-spacer\"><\/div>\n\n\n\n<div class=\"wp-block-image\"><figure class=\"aligncenter is-resized\"><a href=\"https:\/\/de.rosler.com\/de-de\/\" target=\"_blank\" rel=\"noreferrer noopener\"><img loading=\"lazy\" decoding=\"async\" src=\"https:\/\/lb-fertigungsservice.de\/wp-content\/uploads\/2019\/11\/Logo_Roesler_KegelBunt_schwarz-1024x314.png\" alt=\"\" class=\"wp-image-234\" width=\"276\" height=\"85\" srcset=\"https:\/\/lb-fertigungsservice.de\/wp-content\/uploads\/2019\/11\/Logo_Roesler_KegelBunt_schwarz-1024x314.png 1024w, https:\/\/lb-fertigungsservice.de\/wp-content\/uploads\/2019\/11\/Logo_Roesler_KegelBunt_schwarz-300x92.png 300w, https:\/\/lb-fertigungsservice.de\/wp-content\/uploads\/2019\/11\/Logo_Roesler_KegelBunt_schwarz-768x236.png 768w\" sizes=\"auto, (max-width: 276px) 100vw, 276px\" \/><\/a><\/figure><\/div>\n<\/div>\n\n\n\n<div class=\"wp-block-column is-layout-flow wp-block-column-is-layout-flow\">\n<figure class=\"wp-block-image\"><img loading=\"lazy\" decoding=\"async\" width=\"964\" height=\"1024\" src=\"https:\/\/lb-fertigungsservice.de\/wp-content\/uploads\/2019\/10\/Rundvibrator_EC_freigestellt-964x1024.jpg\" alt=\"\" class=\"wp-image-177\" srcset=\"https:\/\/lb-fertigungsservice.de\/wp-content\/uploads\/2019\/10\/Rundvibrator_EC_freigestellt-964x1024.jpg 964w, https:\/\/lb-fertigungsservice.de\/wp-content\/uploads\/2019\/10\/Rundvibrator_EC_freigestellt-282x300.jpg 282w, https:\/\/lb-fertigungsservice.de\/wp-content\/uploads\/2019\/10\/Rundvibrator_EC_freigestellt-768x816.jpg 768w, https:\/\/lb-fertigungsservice.de\/wp-content\/uploads\/2019\/10\/Rundvibrator_EC_freigestellt.jpg 1395w\" sizes=\"auto, (max-width: 964px) 100vw, 964px\" \/><\/figure>\n<\/div>\n<\/div>\n\n\n\n<a name=\"zusaetzlich\"><!-- anchor --><\/a>\n\n\n\n<h3 class=\"wp-block-heading\"><strong>Zus\u00e4tzliche Fertigungsm\u00f6glichkeiten<\/strong>:<\/h3>\n\n\n\n<table class=\"wp-block-table has-fixed-layout is-style-stripes\"><tbody><tr><td><strong>In Zusammenarbeit mit unseren langj\u00e4hrigen Gesch\u00e4ftspartnern ist es uns m\u00f6glich Teile aus Aluminium zu eloxieren (auch farblich) und zu hartcoartieren<\/strong>.<\/td><\/tr><tr><td><strong>Ebenfalls in Kooperation mit unseren Gesch\u00e4ftspartnern bieten wir spezielle W\u00e4rmebehandlungen, zur ver\u00e4nderung der Werkstoffeigenschaften, an. Beispielsweise &#8222;Oxidieren&#8220;, &#8222;Gasnitrieren&#8220; und &#8222;H\u00e4rten&#8220;<\/strong><\/td><\/tr><\/tbody><\/table>\n\n\n\n<div style=\"height:32px\" aria-hidden=\"true\" class=\"wp-block-spacer\"><\/div>\n\n\n\n<div class=\"wp-block-button aligncenter\"><a class=\"wp-block-button__link\" href=\"?page_id=61\">Kontakieren Sie uns<\/a><\/div>\n","protected":false},"excerpt":{"rendered":"<p>Weitere Maschinen Kasto Bands\u00e4gevollautomat SBA 260 AU Schnittbereich bis d=260mm Rundvibrator R\u00f6sler EC Die Anlage wird zum Entgraten, Schleifen, Polieren usw. von kleineren und gr\u00f6\u00dferen Werkst\u00fccken eingesetzt. Zus\u00e4tzliche Fertigungsm\u00f6glichkeiten: In Zusammenarbeit mit unseren langj\u00e4hrigen Gesch\u00e4ftspartnern ist es uns m\u00f6glich Teile aus Aluminium zu eloxieren (auch farblich) und zu hartcoartieren. Ebenfalls in Kooperation mit unseren Gesch\u00e4ftspartnern &#8230; <a title=\"Fertigung &#8211; Weitere Maschinen\" class=\"read-more\" href=\"https:\/\/lb-fertigungsservice.de\/?page_id=232\" aria-label=\"Mehr Informationen \u00fcber Fertigung &#8211; Weitere Maschinen\">Weiterlesen<\/a><\/p>\n","protected":false},"author":1,"featured_media":0,"parent":0,"menu_order":0,"comment_status":"closed","ping_status":"closed","template":"","meta":{"footnotes":""},"class_list":["post-232","page","type-page","status-publish"],"_links":{"self":[{"href":"https:\/\/lb-fertigungsservice.de\/index.php?rest_route=\/wp\/v2\/pages\/232","targetHints":{"allow":["GET"]}}],"collection":[{"href":"https:\/\/lb-fertigungsservice.de\/index.php?rest_route=\/wp\/v2\/pages"}],"about":[{"href":"https:\/\/lb-fertigungsservice.de\/index.php?rest_route=\/wp\/v2\/types\/page"}],"author":[{"embeddable":true,"href":"https:\/\/lb-fertigungsservice.de\/index.php?rest_route=\/wp\/v2\/users\/1"}],"replies":[{"embeddable":true,"href":"https:\/\/lb-fertigungsservice.de\/index.php?rest_route=%2Fwp%2Fv2%2Fcomments&post=232"}],"version-history":[{"count":11,"href":"https:\/\/lb-fertigungsservice.de\/index.php?rest_route=\/wp\/v2\/pages\/232\/revisions"}],"predecessor-version":[{"id":268,"href":"https:\/\/lb-fertigungsservice.de\/index.php?rest_route=\/wp\/v2\/pages\/232\/revisions\/268"}],"wp:attachment":[{"href":"https:\/\/lb-fertigungsservice.de\/index.php?rest_route=%2Fwp%2Fv2%2Fmedia&parent=232"}],"curies":[{"name":"wp","href":"https:\/\/api.w.org\/{rel}","templated":true}]}}