{"id":435,"date":"2023-04-24T09:56:09","date_gmt":"2023-04-24T09:56:09","guid":{"rendered":"https:\/\/lb-fertigungsservice.de\/?page_id=435"},"modified":"2023-04-24T14:08:22","modified_gmt":"2023-04-24T14:08:22","slug":"agb","status":"publish","type":"page","link":"https:\/\/lb-fertigungsservice.de\/?page_id=435","title":{"rendered":"AGB"},"content":{"rendered":"\n<div class=\"wp-block-cover alignwide is-light\"><span aria-hidden=\"true\" class=\"wp-block-cover__background has-contrast-background-color has-background-dim-10 has-background-dim\"><\/span><img loading=\"lazy\" decoding=\"async\" width=\"850\" height=\"850\" class=\"wp-block-cover__image-background wp-image-437\" alt=\"\" src=\"https:\/\/lb-fertigungsservice.de\/wp-content\/uploads\/2023\/04\/agb.jpg\" style=\"object-position:54% 34%\" data-object-fit=\"cover\" data-object-position=\"54% 34%\" srcset=\"https:\/\/lb-fertigungsservice.de\/wp-content\/uploads\/2023\/04\/agb.jpg 850w, https:\/\/lb-fertigungsservice.de\/wp-content\/uploads\/2023\/04\/agb-300x300.jpg 300w, https:\/\/lb-fertigungsservice.de\/wp-content\/uploads\/2023\/04\/agb-150x150.jpg 150w, https:\/\/lb-fertigungsservice.de\/wp-content\/uploads\/2023\/04\/agb-768x768.jpg 768w\" sizes=\"auto, (max-width: 850px) 100vw, 850px\" \/><div class=\"wp-block-cover__inner-container is-layout-flow wp-block-cover-is-layout-flow\">\n<p class=\"has-text-align-center has-base-3-color has-text-color has-background has-large-font-size\" style=\"background-color:#00000029\"><strong>Allgemeine Gesch\u00e4ftsbeziehungen<\/strong><\/p>\n<\/div><\/div>\n\n\n\n<p><\/p>\n\n\n\n<p><strong>Allgemeine Gesch\u00e4ftsbedingungen der LB-Fertigungsservice GmbH<\/strong><\/p>\n\n\n\n<div class=\"wp-block-group\"><div class=\"wp-block-group__inner-container is-layout-flow wp-block-group-is-layout-flow\">\n<p class=\"has-small-font-size\">Es gelten ausschlie\u00dflich unsere Liefer- und Zahlungsbedingungen, mit denen sich unser Kunde bei<\/p>\n\n\n\n<p class=\"has-small-font-size\">Auftragserteilung einverstanden erkl\u00e4rt, und zwar ebenso f\u00fcr k\u00fcnftige Gesch\u00e4fte, auch wenn nicht ausdr\u00fccklich<\/p>\n\n\n\n<p class=\"has-small-font-size\">auf sie Bezug genommen wird, sie aber dem Besteller bei einem von uns best\u00e4tigten Auftrag zugegangen sind.<\/p>\n\n\n\n<p class=\"has-small-font-size\">Wird der Auftrag abweichend von unseren Liefer- und Zahlungsbedingungen erteilt, so gelten auch dann nur<\/p>\n\n\n\n<p class=\"has-small-font-size\">unsere Liefer- und Zahlungsbedingungen, selbst wenn wir nicht widersprechen. Abweichungen gelten also nur,<\/p>\n\n\n\n<p class=\"has-small-font-size\">wenn sie von uns ausdr\u00fccklich schriftlich anerkannt worden sind.<\/p>\n\n\n\n<p class=\"has-small-font-size\">Wir sind berechtigt, die Anspr\u00fcche aus unseren Gesch\u00e4ftsverbindungen abzutreten.<\/p>\n\n\n\n<p class=\"has-small-font-size\">Die Vertragsbeziehung unterliegt ausschlie\u00dflich dem deutschen Recht, insbesondere dem B\u00fcrgerlichen<\/p>\n\n\n\n<p class=\"has-small-font-size\">Gesetzbuch und Handelsgesetzbuch. Die Bestimmungen des UN-Kaufrechts finden keine Anwendung.<\/p>\n\n\n\n<p class=\"has-small-font-size\">Gerichtsstand ist nach unserer Wahl der Sitz der Firma oder Friedberg.<\/p>\n\n\n\n<p class=\"has-small-font-size\">Befindet sich der K\u00e4ufer uns gegen\u00fcber mit Zahlungsverpflichtungen im Verzug, so werden alle<\/p>\n\n\n\n<p class=\"has-small-font-size\">bestehenden Forderungen sofort f\u00e4llig.<\/p>\n\n\n\n<p class=\"has-small-font-size\">Zur Geltendmachung der Rechte aus Eigentumsvorbehalt ist ein R\u00fccktritt vom Vertrag nicht erforderlich, es sei<\/p>\n\n\n\n<p class=\"has-small-font-size\">denn, der Debitor ist Verbraucher.<\/p>\n\n\n\n<p class=\"has-small-font-size\">Eine Aufrechnung durch den Kunden mit Gegenanspr\u00fcchen ist ausgeschlossen, es sei denn, die<\/p>\n\n\n\n<p class=\"has-small-font-size\">Gegenanspr\u00fcche sind unbestritten oder rechtskr\u00e4ftig festgestellt. Die Geltendmachung eines<\/p>\n\n\n\n<p class=\"has-small-font-size\">Zur\u00fcckbehaltungsrechts durch den Kunden ist ausgeschlossen, es sei denn, es beruht auf demselben<\/p>\n\n\n\n<p class=\"has-small-font-size\">Vertragsverh\u00e4ltnis oder die Gegenanspr\u00fcche sind unbestritten oder rechtskr\u00e4ftig festgestellt.<\/p>\n\n\n\n<p class=\"has-small-font-size\">F\u00fcr Warenlieferungen gilt:<\/p>\n\n\n\n<p class=\"has-small-font-size\">Die gelieferte Ware bleibt bis zur vollst\u00e4ndigen Bezahlung aller offenen Forderungen, die uns gegen den Kunden<\/p>\n\n\n\n<p class=\"has-small-font-size\">zustehen, unser Eigentum. Der Kunde ist zur Weiterver\u00e4u\u00dferung im Rahmen des ordnungsgem\u00e4\u00dfen Gesch\u00e4ftsgangs berechtigt, solange er nicht im Zahlungsverzug ist. Der Kunde darf die Vorbehaltsware jedoch<\/p>\n\n\n\n<p class=\"has-small-font-size\">nicht verpf\u00e4nden oder sicherungshalber \u00fcbereignen. Die Entgeltforderungen des Kunden gegen seine Abnehmer<\/p>\n\n\n\n<p class=\"has-small-font-size\">aus einem Weiterverkauf der Vorbehaltsware sowie diejenigen Forderungen des Kunden bez\u00fcglich der<\/p>\n\n\n\n<p class=\"has-small-font-size\">Vorbehaltsware, die aus einem sonstigen Rechtsgrund (auch gegen Dritte) entstehen, tritt uns der Kunde bereits<\/p>\n\n\n\n<p class=\"has-small-font-size\">jetzt sicherungshalber ab.<\/p>\n\n\n\n<p class=\"has-small-font-size\">Eine Verarbeitung oder Umbildung der Vorbehaltsware durch den Kunden wird immer f\u00fcr uns vorgenommen.<\/p>\n\n\n\n<p class=\"has-small-font-size\">Wenn die Vorbehaltsware mit anderen Sachen verarbeitet wird, die uns nicht geh\u00f6ren, so erwerben wir<\/p>\n\n\n\n<p class=\"has-small-font-size\">Miteigentum an der neuen Sache im Verh\u00e4ltnis des Wertes der Vorbehaltsware (Rechnungsbetr\u00e4ge inkl.<\/p>\n\n\n\n<p class=\"has-small-font-size\">Umsatzsteuer.) zu den anderen verbundenen oder vermischten Sachen im Zeitpunkt der Verbindung oder<\/p>\n\n\n\n<p class=\"has-small-font-size\">Vermischung.&nbsp;<\/p>\n\n\n\n<p class=\"has-small-font-size\">Ist die Sache des Kunden als Hauptsache anzusehen, \u00fcbertr\u00e4gt uns der Kunde anteilsm\u00e4\u00dfig Miteigentum an<\/p>\n\n\n\n<p class=\"has-small-font-size\">dieser Sache. Wir nehmen die \u00dcbertragung an.&nbsp;<\/p>\n\n\n\n<p class=\"has-small-font-size\">Das so entstandene Alleineigentum oder Miteigentum an einer Sache wird der Kunde f\u00fcr uns verwahren.<\/p>\n\n\n\n<p class=\"has-small-font-size\">Stand 03\/2023<\/p>\n<\/div><\/div>\n","protected":false},"excerpt":{"rendered":"<p>Allgemeine Gesch\u00e4ftsbedingungen der LB-Fertigungsservice GmbH Es gelten ausschlie\u00dflich unsere Liefer- und Zahlungsbedingungen, mit denen sich unser Kunde bei Auftragserteilung einverstanden erkl\u00e4rt, und zwar ebenso f\u00fcr k\u00fcnftige Gesch\u00e4fte, auch wenn nicht ausdr\u00fccklich auf sie Bezug genommen wird, sie aber dem Besteller bei einem von uns best\u00e4tigten Auftrag zugegangen sind. Wird der Auftrag abweichend von unseren Liefer- &#8230; <a title=\"AGB\" class=\"read-more\" href=\"https:\/\/lb-fertigungsservice.de\/?page_id=435\" aria-label=\"Mehr Informationen \u00fcber AGB\">Weiterlesen<\/a><\/p>\n","protected":false},"author":1,"featured_media":0,"parent":0,"menu_order":0,"comment_status":"closed","ping_status":"closed","template":"","meta":{"footnotes":""},"class_list":["post-435","page","type-page","status-publish"],"_links":{"self":[{"href":"https:\/\/lb-fertigungsservice.de\/index.php?rest_route=\/wp\/v2\/pages\/435","targetHints":{"allow":["GET"]}}],"collection":[{"href":"https:\/\/lb-fertigungsservice.de\/index.php?rest_route=\/wp\/v2\/pages"}],"about":[{"href":"https:\/\/lb-fertigungsservice.de\/index.php?rest_route=\/wp\/v2\/types\/page"}],"author":[{"embeddable":true,"href":"https:\/\/lb-fertigungsservice.de\/index.php?rest_route=\/wp\/v2\/users\/1"}],"replies":[{"embeddable":true,"href":"https:\/\/lb-fertigungsservice.de\/index.php?rest_route=%2Fwp%2Fv2%2Fcomments&post=435"}],"version-history":[{"count":4,"href":"https:\/\/lb-fertigungsservice.de\/index.php?rest_route=\/wp\/v2\/pages\/435\/revisions"}],"predecessor-version":[{"id":441,"href":"https:\/\/lb-fertigungsservice.de\/index.php?rest_route=\/wp\/v2\/pages\/435\/revisions\/441"}],"wp:attachment":[{"href":"https:\/\/lb-fertigungsservice.de\/index.php?rest_route=%2Fwp%2Fv2%2Fmedia&parent=435"}],"curies":[{"name":"wp","href":"https:\/\/api.w.org\/{rel}","templated":true}]}}