{"id":61,"date":"2019-10-02T22:41:01","date_gmt":"2019-10-02T22:41:01","guid":{"rendered":"https:\/\/lb-fertigungsservice.de\/wp\/?page_id=61"},"modified":"2025-04-01T14:32:31","modified_gmt":"2025-04-01T14:32:31","slug":"kontakt","status":"publish","type":"page","link":"https:\/\/lb-fertigungsservice.de\/?page_id=61","title":{"rendered":"Kontakt"},"content":{"rendered":"\n<div class=\"wp-block-cover alignwide is-light has-parallax\"><span aria-hidden=\"true\" class=\"wp-block-cover__background has-background-dim\"><\/span><div class=\"wp-block-cover__image-background wp-image-97 has-parallax\" style=\"background-position:50% 50%;background-image:url(https:\/\/lb-fertigungsservice.de\/wp-content\/uploads\/2019\/10\/contact-us-1908763_1920.png)\"><\/div><div class=\"wp-block-cover__inner-container is-layout-flow wp-block-cover-is-layout-flow\">\n<p><\/p>\n\n\n\n<p class=\"has-text-align-center has-base-3-color has-text-color has-link-color wp-elements-f17387fcf38ba2943e1323a42fecfa52\" style=\"font-size:60px\">Kontakt<\/p>\n\n\n\n<p class=\"has-text-align-center has-base-3-color has-text-color has-link-color wp-elements-d4c94e5aa78d0abaa8211b442c2d45c5\" style=\"font-size:48px\">LB-Fertigungsservice GmbH<br>Riedstra\u00dfe 15, 61137 Sch\u00f6neck-B\u00fcdesheim<br>Tel. 06187 \/ 953650 <\/p>\n\n\n\n<p class=\"has-text-align-center has-base-3-color has-text-color has-link-color wp-elements-e7079afc4714356a6ff9ae7078268bef\" style=\"font-size:48px\">E-Mail: info@lb-fertigungsservice.de<\/p>\n<\/div><\/div>\n\n\n\n<p class=\"has-base-3-background-color has-background\"><\/p>\n\n\n\n<p><\/p>\n","protected":false},"excerpt":{"rendered":"","protected":false},"author":1,"featured_media":0,"parent":0,"menu_order":0,"comment_status":"closed","ping_status":"closed","template":"","meta":{"footnotes":""},"class_list":["post-61","page","type-page","status-publish"],"_links":{"self":[{"href":"https:\/\/lb-fertigungsservice.de\/index.php?rest_route=\/wp\/v2\/pages\/61","targetHints":{"allow":["GET"]}}],"collection":[{"href":"https:\/\/lb-fertigungsservice.de\/index.php?rest_route=\/wp\/v2\/pages"}],"about":[{"href":"https:\/\/lb-fertigungsservice.de\/index.php?rest_route=\/wp\/v2\/types\/page"}],"author":[{"embeddable":true,"href":"https:\/\/lb-fertigungsservice.de\/index.php?rest_route=\/wp\/v2\/users\/1"}],"replies":[{"embeddable":true,"href":"https:\/\/lb-fertigungsservice.de\/index.php?rest_route=%2Fwp%2Fv2%2Fcomments&post=61"}],"version-history":[{"count":19,"href":"https:\/\/lb-fertigungsservice.de\/index.php?rest_route=\/wp\/v2\/pages\/61\/revisions"}],"predecessor-version":[{"id":516,"href":"https:\/\/lb-fertigungsservice.de\/index.php?rest_route=\/wp\/v2\/pages\/61\/revisions\/516"}],"wp:attachment":[{"href":"https:\/\/lb-fertigungsservice.de\/index.php?rest_route=%2Fwp%2Fv2%2Fmedia&parent=61"}],"curies":[{"name":"wp","href":"https:\/\/api.w.org\/{rel}","templated":true}]}}